{"id":13205,"date":"2023-04-24T17:25:08","date_gmt":"2023-04-24T17:25:08","guid":{"rendered":"https:\/\/clinvetdosona.cat\/servicios-clinica\/"},"modified":"2023-11-13T15:43:11","modified_gmt":"2023-11-13T15:43:11","slug":"servicios-clinica","status":"publish","type":"page","link":"https:\/\/clinvetdosona.cat\/es\/servicios-clinica\/","title":{"rendered":"Cl\u00ednica"},"content":{"rendered":"\t\t<div data-elementor-type=\"wp-page\" data-elementor-id=\"13205\" class=\"elementor elementor-13205 elementor-12667\">\n\t\t\t\t\t\t\t\t\t<section class=\"elementor-section elementor-top-section elementor-element elementor-element-5e9c8fe elementor-section-boxed elementor-section-height-default elementor-section-height-default\" data-id=\"5e9c8fe\" data-element_type=\"section\">\n\t\t\t\t\t\t<div class=\"elementor-container elementor-column-gap-default\">\n\t\t\t\t\t<div class=\"elementor-column elementor-col-100 elementor-top-column elementor-element elementor-element-44e010d\" data-id=\"44e010d\" data-element_type=\"column\">\n\t\t\t<div class=\"elementor-widget-wrap elementor-element-populated\">\n\t\t\t\t\t\t\t\t<div class=\"elementor-element elementor-element-d565479 elementor-widget elementor-widget-heading\" data-id=\"d565479\" data-element_type=\"widget\" data-widget_type=\"heading.default\">\n\t\t\t\t<div class=\"elementor-widget-container\">\n\t\t\t<style>\/*! elementor - v3.12.1 - 02-04-2023 *\/\n.elementor-heading-title{padding:0;margin:0;line-height:1}.elementor-widget-heading .elementor-heading-title[class*=elementor-size-]>a{color:inherit;font-size:inherit;line-height:inherit}.elementor-widget-heading .elementor-heading-title.elementor-size-small{font-size:15px}.elementor-widget-heading .elementor-heading-title.elementor-size-medium{font-size:19px}.elementor-widget-heading .elementor-heading-title.elementor-size-large{font-size:29px}.elementor-widget-heading .elementor-heading-title.elementor-size-xl{font-size:39px}.elementor-widget-heading .elementor-heading-title.elementor-size-xxl{font-size:59px}<\/style><h2 class=\"elementor-heading-title elementor-size-default\">\"Buscando el camino m\u00e1s f\u00e1cil\"<\/h2>\t\t<\/div>\n\t\t\t\t<\/div>\n\t\t\t\t<div class=\"elementor-element elementor-element-41fae3a elementor-widget elementor-widget-text-editor\" data-id=\"41fae3a\" data-element_type=\"widget\" data-widget_type=\"text-editor.default\">\n\t\t\t\t<div class=\"elementor-widget-container\">\n\t\t\t<style>\/*! elementor - v3.12.1 - 02-04-2023 *\/\n.elementor-widget-text-editor.elementor-drop-cap-view-stacked .elementor-drop-cap{background-color:#69727d;color:#fff}.elementor-widget-text-editor.elementor-drop-cap-view-framed .elementor-drop-cap{color:#69727d;border:3px solid;background-color:transparent}.elementor-widget-text-editor:not(.elementor-drop-cap-view-default) .elementor-drop-cap{margin-top:8px}.elementor-widget-text-editor:not(.elementor-drop-cap-view-default) .elementor-drop-cap-letter{width:1em;height:1em}.elementor-widget-text-editor .elementor-drop-cap{float:left;text-align:center;line-height:1;font-size:50px}.elementor-widget-text-editor .elementor-drop-cap-letter{display:inline-block}<\/style>\t\t\t\t<p><span style=\"font-weight: 500;\">En la Cl\u00ednica Veterin\u00e0ria d\u2019Osona intentamos dar un enfoque eminentemente pr\u00e1ctico a los casos cl\u00ednicos. Muchos problemas son complejos, pero es importante no convertir aquellos que son simples en dif\u00edciles. Ponemos todos nuestros a\u00f1os de experiencia y conocimiento a vuestro servicio.\u00a0\u00a0<\/span><\/p><p><span style=\"font-weight: 500;\">Consideramos que una buena atenci\u00f3n para nuestros pacientes implica una respuesta y atenci\u00f3n r\u00e1pidas, es por eso que para visitas rutinarias y vacunaciones trabajamos sin cita previa. Por lo tanto, dentro de nuestro horario laboral podeis venir a la cl\u00ednica cuando os vaya bien y os atenderemos tan pronto c\u00f3mo nos sea posible.\u00a0<\/span><\/p><p><span style=\"font-weight: 500;\">En cambio, s\u00ed que har\u00e1 falta pedir cita previa para seg\u00fan que pruebas m\u00e1s complejas, an\u00e1lisis espec\u00edficos, cirug\u00edas, etc. En caso de duda, pod\u00e9is llamarnos y os informaremos sobre c\u00f3mo proceder. <\/span><\/p><p><b>Horarios:<\/b><\/p><p><span style=\"font-weight: 500;\">&#8211; Ma\u00f1anas de 9:00 a 13:00 de lunes a s\u00e1bado.<br \/><\/span><span style=\"font-weight: 500;\">&#8211; Tardes de 16:00 a 20:00 de lunes a viernes<\/span><\/p><p><span style=\"font-weight: 500;\">Tenemos a vuestra disposici\u00f3n los siguientes servicios de diagn\u00f3stico: radiolog\u00eda, ecograf\u00eda, an\u00e1lisis hematol\u00f3gicos y bioqu\u00edmica, biopsia\/citolog\u00eda, paneles y tratamientos para alergias, etc.<\/span><\/p><p><span style=\"font-weight: 500;\">Tambi\u00e9n disponemos de quir\u00f3fano y sala de hospitalizaci\u00f3n diurna con una amplia oferta quir\u00fargica: <\/span><\/p><ul><li style=\"font-weight: 500;\" aria-level=\"1\"><span style=\"font-weight: 500;\">Digestiva<\/span><\/li><li style=\"font-weight: 500;\" aria-level=\"1\"><span style=\"font-weight: 500;\">Urol\u00f3gica<\/span><\/li><li style=\"font-weight: 500;\" aria-level=\"1\"><span style=\"font-weight: 500;\">Reproductiva<\/span><\/li><li style=\"font-weight: 500;\" aria-level=\"1\"><span style=\"font-weight: 500;\">Bucal<\/span><\/li><li style=\"font-weight: 500;\" aria-level=\"1\"><span style=\"font-weight: 500;\">Oft\u00e1lmica<\/span><\/li><li style=\"font-weight: 500;\" aria-level=\"1\"><span style=\"font-weight: 500;\">Pl\u00e1stica y de tejidos blandos<\/span><\/li><li style=\"font-weight: 500;\" aria-level=\"1\"><span style=\"font-weight: 500;\">Traumatolog\u00eda<\/span><\/li><\/ul><p><b><br \/>SERVICIO DE URGENCIAS: <span style=\"font-weight: 500;\">Es un servicio que consideramos esencial e imprescindible para nuestros clientes. No estamos de forma presencial en la cl\u00ednica las 24h., pero si ten\u00e9is alguna urgencia nos pod\u00e9is localizar al tel\u00e9fono m\u00f3vil y os atenderemos.<\/span><br \/><\/b><\/p><p><span style=\"font-weight: 500;\">El tel\u00e9fono de urgencias es el siguiente: <\/span><b><a href=\"tel:648252712\"> 648252712<\/a><\/b><\/p><p><span style=\"font-weight: 500;\">Os rogamos por favor que <\/span><b>hag\u00e1is uso de \u00e9l s\u00f3lo en caso de una urgencia real y fuera del horario laboral<\/b><span style=\"font-weight: 500;\">, es importante que se\u00e1is conscientes que los veterinarios que realizamos las guardias (durante las noches y fines de semana) somos los mismos que trabajamos en la cl\u00ednica durante la jornada laboral, por lo que <\/span><b>rogamos hag\u00e1is un uso responsable del tel\u00e9fono.<\/b><\/p><p><b>No lo ponemos a vuestra disposici\u00f3n para resolver dudas fuera del horario laboral, sin\u00f3 para atender urgencias que realmente necesitan ser atendidas.<\/b><\/p>\t\t\t\t\t\t<\/div>\n\t\t\t\t<\/div>\n\t\t\t\t\t<\/div>\n\t\t<\/div>\n\t\t\t\t\t\t\t<\/div>\n\t\t<\/section>\n\t\t\t\t<section class=\"elementor-section elementor-top-section elementor-element elementor-element-4bfcfd2 elementor-section-boxed elementor-section-height-default elementor-section-height-default\" data-id=\"4bfcfd2\" data-element_type=\"section\">\n\t\t\t\t\t\t<div class=\"elementor-container elementor-column-gap-default\">\n\t\t\t\t\t<div class=\"elementor-column elementor-col-100 elementor-top-column elementor-element elementor-element-beee452\" data-id=\"beee452\" data-element_type=\"column\">\n\t\t\t<div class=\"elementor-widget-wrap elementor-element-populated\">\n\t\t\t\t\t\t\t\t<div class=\"elementor-element elementor-element-2e4e348 elementor-widget elementor-widget-heading\" data-id=\"2e4e348\" data-element_type=\"widget\" data-widget_type=\"heading.default\">\n\t\t\t\t<div class=\"elementor-widget-container\">\n\t\t\t<h2 class=\"elementor-heading-title elementor-size-default\">Haz un tour virtual por nuestra cl\u00ednica<\/h2>\t\t<\/div>\n\t\t\t\t<\/div>\n\t\t\t\t<div class=\"elementor-element elementor-element-9c96c5d elementor-widget elementor-widget-html\" data-id=\"9c96c5d\" data-element_type=\"widget\" data-widget_type=\"html.default\">\n\t\t\t\t<div class=\"elementor-widget-container\">\n\t\t\t<iframe src=\"https:\/\/www.google.com\/maps\/embed?pb=!4v1682094099030!6m8!1m7!1sCAoSLEFGMVFpcE01bnZZUnFDaWxXSzdtaDZjTGVCdllxd3E2WjJ2VmdRMjRvR1V2!2m2!1d41.927811058799!2d2.2491961798703!3f93.1!4f-5.75!5f0.7820865974627469\" title=\"Tour Virtual\" width=\"800\" height=\"600\" style=\"border:0;\" allowfullscreen=\"\" loading=\"lazy\" referrerpolicy=\"no-referrer-when-downgrade\"><\/iframe>\t\t<\/div>\n\t\t\t\t<\/div>\n\t\t\t\t\t<\/div>\n\t\t<\/div>\n\t\t\t\t\t\t\t<\/div>\n\t\t<\/section>\n\t\t\t\t\t\t\t<\/div>\n\t\t","protected":false},"excerpt":{"rendered":"<p>&#8220;Buscando el camino m\u00e1s f\u00e1cil&#8221; En la Cl\u00ednica Veterin\u00e0ria d\u2019Osona intentamos dar un enfoque eminentemente pr\u00e1ctico a los casos cl\u00ednicos. Muchos problemas son complejos, pero es importante no convertir aquellos que son simples en dif\u00edciles. Ponemos todos nuestros a\u00f1os de experiencia y conocimiento a vuestro servicio. Consideramos que una buena atenci\u00f3n para nuestros pacientes implica [&hellip;]<\/p>\n","protected":false},"author":1,"featured_media":0,"parent":0,"menu_order":0,"comment_status":"closed","ping_status":"closed","template":"template-home.php","meta":{"footnotes":""},"class_list":["post-13205","page","type-page","status-publish","hentry"],"yoast_head":"<!-- This site is optimized with the Yoast SEO plugin v21.0 - https:\/\/yoast.com\/wordpress\/plugins\/seo\/ -->\n<title>Veterinario en Vic. Cuidamos a tus mascotas<\/title>\n<meta name=\"description\" content=\"Veterinario en Vic. Cuidamos a tus mascotas. Tus seres queridos es lo principal para nosotros\" \/>\n<meta name=\"robots\" content=\"index, follow, max-snippet:-1, max-image-preview:large, max-video-preview:-1\" \/>\n<link rel=\"canonical\" href=\"https:\/\/clinvetdosona.cat\/es\/servicios-clinica\/\" \/>\n<meta property=\"og:locale\" content=\"es_ES\" \/>\n<meta property=\"og:type\" content=\"article\" \/>\n<meta property=\"og:title\" content=\"Veterinario en Vic. Cuidamos a tus mascotas\" \/>\n<meta property=\"og:description\" content=\"Veterinario en Vic. Cuidamos a tus mascotas. Tus seres queridos es lo principal para nosotros\" \/>\n<meta property=\"og:url\" content=\"https:\/\/clinvetdosona.cat\/es\/servicios-clinica\/\" \/>\n<meta property=\"og:site_name\" content=\"Cl\u00ednica Veterin\u00e0ria d\u2019Osona\" \/>\n<meta property=\"article:modified_time\" content=\"2023-11-13T15:43:11+00:00\" \/>\n<meta name=\"twitter:card\" content=\"summary_large_image\" \/>\n<meta name=\"twitter:label1\" content=\"Tiempo de lectura\" \/>\n\t<meta name=\"twitter:data1\" content=\"2 minutos\" \/>\n<script type=\"application\/ld+json\" class=\"yoast-schema-graph\">{\"@context\":\"https:\/\/schema.org\",\"@graph\":[{\"@type\":\"WebPage\",\"@id\":\"https:\/\/clinvetdosona.cat\/es\/servicios-clinica\/\",\"url\":\"https:\/\/clinvetdosona.cat\/es\/servicios-clinica\/\",\"name\":\"Veterinario en Vic. Cuidamos a tus mascotas\",\"isPartOf\":{\"@id\":\"https:\/\/clinvetdosona.cat\/#website\"},\"datePublished\":\"2023-04-24T17:25:08+00:00\",\"dateModified\":\"2023-11-13T15:43:11+00:00\",\"description\":\"Veterinario en Vic. Cuidamos a tus mascotas. Tus seres queridos es lo principal para nosotros\",\"breadcrumb\":{\"@id\":\"https:\/\/clinvetdosona.cat\/es\/servicios-clinica\/#breadcrumb\"},\"inLanguage\":\"es\",\"potentialAction\":[{\"@type\":\"ReadAction\",\"target\":[\"https:\/\/clinvetdosona.cat\/es\/servicios-clinica\/\"]}]},{\"@type\":\"BreadcrumbList\",\"@id\":\"https:\/\/clinvetdosona.cat\/es\/servicios-clinica\/#breadcrumb\",\"itemListElement\":[{\"@type\":\"ListItem\",\"position\":1,\"name\":\"Inici\",\"item\":\"https:\/\/clinvetdosona.cat\/es\/\"},{\"@type\":\"ListItem\",\"position\":2,\"name\":\"Cl\u00ednica\"}]},{\"@type\":\"WebSite\",\"@id\":\"https:\/\/clinvetdosona.cat\/#website\",\"url\":\"https:\/\/clinvetdosona.cat\/\",\"name\":\"Cl\u00ednica Veterin\u00e0ria d\u2019Osona\",\"description\":\"T\u2019ajudem a cuidar-lo\",\"potentialAction\":[{\"@type\":\"SearchAction\",\"target\":{\"@type\":\"EntryPoint\",\"urlTemplate\":\"https:\/\/clinvetdosona.cat\/?s={search_term_string}\"},\"query-input\":\"required name=search_term_string\"}],\"inLanguage\":\"es\"}]}<\/script>\n<!-- \/ Yoast SEO plugin. -->","yoast_head_json":{"title":"Veterinario en Vic. Cuidamos a tus mascotas","description":"Veterinario en Vic. Cuidamos a tus mascotas. Tus seres queridos es lo principal para nosotros","robots":{"index":"index","follow":"follow","max-snippet":"max-snippet:-1","max-image-preview":"max-image-preview:large","max-video-preview":"max-video-preview:-1"},"canonical":"https:\/\/clinvetdosona.cat\/es\/servicios-clinica\/","og_locale":"es_ES","og_type":"article","og_title":"Veterinario en Vic. Cuidamos a tus mascotas","og_description":"Veterinario en Vic. Cuidamos a tus mascotas. Tus seres queridos es lo principal para nosotros","og_url":"https:\/\/clinvetdosona.cat\/es\/servicios-clinica\/","og_site_name":"Cl\u00ednica Veterin\u00e0ria d\u2019Osona","article_modified_time":"2023-11-13T15:43:11+00:00","twitter_card":"summary_large_image","twitter_misc":{"Tiempo de lectura":"2 minutos"},"schema":{"@context":"https:\/\/schema.org","@graph":[{"@type":"WebPage","@id":"https:\/\/clinvetdosona.cat\/es\/servicios-clinica\/","url":"https:\/\/clinvetdosona.cat\/es\/servicios-clinica\/","name":"Veterinario en Vic. Cuidamos a tus mascotas","isPartOf":{"@id":"https:\/\/clinvetdosona.cat\/#website"},"datePublished":"2023-04-24T17:25:08+00:00","dateModified":"2023-11-13T15:43:11+00:00","description":"Veterinario en Vic. Cuidamos a tus mascotas. Tus seres queridos es lo principal para nosotros","breadcrumb":{"@id":"https:\/\/clinvetdosona.cat\/es\/servicios-clinica\/#breadcrumb"},"inLanguage":"es","potentialAction":[{"@type":"ReadAction","target":["https:\/\/clinvetdosona.cat\/es\/servicios-clinica\/"]}]},{"@type":"BreadcrumbList","@id":"https:\/\/clinvetdosona.cat\/es\/servicios-clinica\/#breadcrumb","itemListElement":[{"@type":"ListItem","position":1,"name":"Inici","item":"https:\/\/clinvetdosona.cat\/es\/"},{"@type":"ListItem","position":2,"name":"Cl\u00ednica"}]},{"@type":"WebSite","@id":"https:\/\/clinvetdosona.cat\/#website","url":"https:\/\/clinvetdosona.cat\/","name":"Cl\u00ednica Veterin\u00e0ria d\u2019Osona","description":"T\u2019ajudem a cuidar-lo","potentialAction":[{"@type":"SearchAction","target":{"@type":"EntryPoint","urlTemplate":"https:\/\/clinvetdosona.cat\/?s={search_term_string}"},"query-input":"required name=search_term_string"}],"inLanguage":"es"}]}},"_links":{"self":[{"href":"https:\/\/clinvetdosona.cat\/es\/wp-json\/wp\/v2\/pages\/13205","targetHints":{"allow":["GET"]}}],"collection":[{"href":"https:\/\/clinvetdosona.cat\/es\/wp-json\/wp\/v2\/pages"}],"about":[{"href":"https:\/\/clinvetdosona.cat\/es\/wp-json\/wp\/v2\/types\/page"}],"author":[{"embeddable":true,"href":"https:\/\/clinvetdosona.cat\/es\/wp-json\/wp\/v2\/users\/1"}],"replies":[{"embeddable":true,"href":"https:\/\/clinvetdosona.cat\/es\/wp-json\/wp\/v2\/comments?post=13205"}],"version-history":[{"count":76,"href":"https:\/\/clinvetdosona.cat\/es\/wp-json\/wp\/v2\/pages\/13205\/revisions"}],"predecessor-version":[{"id":15209,"href":"https:\/\/clinvetdosona.cat\/es\/wp-json\/wp\/v2\/pages\/13205\/revisions\/15209"}],"wp:attachment":[{"href":"https:\/\/clinvetdosona.cat\/es\/wp-json\/wp\/v2\/media?parent=13205"}],"curies":[{"name":"wp","href":"https:\/\/api.w.org\/{rel}","templated":true}]}}