{"id":13749,"date":"2023-04-20T08:43:03","date_gmt":"2023-04-20T08:43:03","guid":{"rendered":"https:\/\/clinvetdosona.cat\/politica-de-privacidad\/"},"modified":"2023-11-13T15:51:31","modified_gmt":"2023-11-13T15:51:31","slug":"politica-de-privacidad","status":"publish","type":"page","link":"https:\/\/clinvetdosona.cat\/es\/politica-de-privacidad\/","title":{"rendered":"Pol\u00edtica de privacidad"},"content":{"rendered":"\n<h2 class=\"wp-block-heading\">IDENTIDAD DEL TITULAR DEL SITIO WEB<\/h2>\n\n\n\n<p>http:\/\/www.clinvetdosona.cat<\/p>\n\n\n\n<p>CL\u00cdNICA VETERINARIA D&#8217;OSONA (a partir de ahora EL TITULAR DEL WEB)<\/p>\n\n\n\n<p>NIF:<\/p>\n\n\n\n<p>Avinguda Pa\u00efssos Catalans, 1<\/p>\n\n\n\n<p>Vic<\/p>\n\n\n\n<p>08500<\/p>\n\n\n\n<p>Tel: 938856607<\/p>\n\n\n\n<p>mail: clinica@clinvetdosona.cat<\/p>\n\n\n\n<h2 class=\"wp-block-heading\">T\u00c9RMINOS LEGALES Y CONDICIONES<\/h2>\n\n\n\n<p>La utilizaci\u00f3n de este sitio Web atribuye al navegante la condici\u00f3n de Usuario del sitio, lo cual implica la adhesi\u00f3n a las presentes condiciones en la versi\u00f3n publicada en el momento en que se acceda al mismo. Por ello, EL TITULAR DEL WEB recomienda al Usuario leer las mismas atentamente cada vez que acceda al sitio Web. El acceso a determinados Contenidos ofrecidos a trav\u00e9s de este sitio Web puede encontrarse sometido a ciertas condiciones particulares propias que, seg\u00fan los casos, sustituyen, completan y\/o modifican estas condiciones generales. Por tanto, con anterioridad al acceso y\/o utilizaci\u00f3n de dichos Contenidos, el Usuario ha de leer atentamente tambi\u00e9n las correspondientes condiciones particulares. EL TITULAR DEL WEB podr\u00e1 alterar en cualquier momento y sin previo aviso, el dise\u00f1o, presentaci\u00f3n y\/o configuraci\u00f3n del sitio Web, as\u00ed como algunos o todos los Contenidos, y modificar las condiciones generales y\/o condiciones particulares requeridas para utilizar los mismos.<\/p>\n\n\n\n<p><strong>RESPONSABILIDAD Y GARANT\u00cdA DE EL TITULAR DEL WEB<\/strong><\/p>\n\n\n\n<h2 class=\"wp-block-heading\">ACCESO<\/h2>\n\n\n\n<p>Con car\u00e1cter general, los Usuarios podr\u00e1n acceder al sitio Web de forma libre y gratuita. No obstante, EL TITULAR DEL WEB se reserva conforme a la legislaci\u00f3n vigente el derecho de limitar el acceso a determinadas \u00e1reas del sitio Web. En estos casos, como requisito previo para poder acceder al servicio, el Usuario deber\u00e1 registrarse facilitando toda la informaci\u00f3n solicitada, de forma actualizada y real (v\u00e9ase pol\u00edtica de privacidad). El uso de la contrase\u00f1a es personal e intransferible, no estando permitida la cesi\u00f3n, ni siquiera temporal, a terceros. En tal sentido, el Usuario se compromete a hacer un uso diligente y a mantener en secreto la misma, asumiendo toda responsabilidad por las consecuencias de su divulgaci\u00f3n a terceros.<\/p>\n\n\n\n<h2 class=\"wp-block-heading\">CONTENIDOS<\/h2>\n\n\n\n<p>EL TITULAR DEL WEB se reserva el derecho a interrumpir el acceso a su sitio Web, as\u00ed como la prestaci\u00f3n de cualquiera o de todos los Contenidos que se prestan a trav\u00e9s del mismo en cualquier momento y sin previo aviso, ya sea por motivos t\u00e9cnicos, de seguridad, de control, de mantenimiento, por fallos de suministro el\u00e9ctrico o por cualquier otra causa. Dicha interrupci\u00f3n podr\u00e1 tener car\u00e1cter temporal o definitivo, en cuyo caso se comunicar\u00e1 tal circunstancia a los Usuarios, quienes podr\u00e1n sufrir la p\u00e9rdida, en su caso, de la informaci\u00f3n almacenada en los distintos servicios. En consecuencia, EL TITULAR DEL WEB no garantiza la fiabilidad, la disponibilidad ni la continuidad de su sitio Web ni de los Contenidos, tanto los propios como los de otros sitios Web a los que se pueda acceder mediante enlaces, por lo que la utilizaci\u00f3n de los mismos por parte del Usuario se lleva a cabo por su propia cuenta y riesgo, sin que, en ning\u00fan momento, puedan exigirse responsabilidades a EL TITULAR DEL WEB en este sentido. EL TITULAR DEL WEB no ser\u00e1 responsable de cualquier tipo de perjuicio, p\u00e9rdidas, reclamaciones o gastos de ning\u00fan tipo, de la Informaci\u00f3n adquirida o accedida por o a trav\u00e9s del sitio Web, de virus inform\u00e1ticos, de fallos operativos o de interrupciones en el servicio o transmisi\u00f3n, o fallos en la l\u00ednea. Queda prohibido transmitir o enviar a trav\u00e9s del sitio Web cualquier contenido ilegal o il\u00edcito, virus inform\u00e1ticos, o mensajes que, en general, afecten o violen derechos de EL TITULAR DEL WEB o de terceros.<\/p>\n\n\n\n<h2 class=\"wp-block-heading\">PROPIEDAD INDUSTRIAL E INTELECTUAL<\/h2>\n\n\n\n<p>Esta Web es propiedad de EL TITULAR DEL WEB. Los derechos de Propiedad Intelectual y derechos de explotaci\u00f3n y reproducci\u00f3n de esta Web, de sus p\u00e1ginas, pantallas, la informaci\u00f3n que contienen, su apariencia y dise\u00f1o, as\u00ed como los v\u00ednculos que se establezcan desde ella a otras p\u00e1ginas, son propiedad exclusiva de \u00e9ste, salvo que se especifique otra cosa. Todas las denominaciones, dise\u00f1os y\/o logotipos que componen esta p\u00e1gina son marcas debidamente registradas. Cualquier uso indebido de las mismas por persona diferente de su leg\u00edtimo titular podr\u00e1 ser perseguido de conformidad con la legislaci\u00f3n vigente. Los derechos de propiedad intelectual y marcas de terceros est\u00e1n destacados convenientemente y deben ser respetados por todo aquel que acceda a la Web. Solo para uso personal y privado se permite descargar los contenidos, copiar o imprimir cualquier p\u00e1gina de esta Web. Queda prohibido reproducir, transmitir, modificar o suprimir la informaci\u00f3n, contenido u advertencias de esta Web sin la previa autorizaci\u00f3n escrita de EL TITULAR DEL WEB.<\/p>\n\n\n\n<h2 class=\"wp-block-heading\">LEGISLACI\u00d3N APLICABLE<\/h2>\n\n\n\n<p>Las presentes condiciones generales se regir\u00e1n por la legislaci\u00f3n espa\u00f1ola.<\/p>\n\n\n\n<h2 class=\"wp-block-heading\">POL\u00cdTICA DE PRIVACIDAD<\/h2>\n\n\n\n<p>A los efectos de lo dispuesto en la normativa vigente relativa a la protecci\u00f3n de datos de car\u00e1cter personal, EL TITULAR DEL WEB informa que los datos personales que nos pudiera facilitar durante la navegaci\u00f3n por nuestro sitio Web ser\u00e1n incorporados a un tratamiento de datos cuyo responsable es EL TITULAR DEL WEB, con la \u00fanica finalidad de poder gestionar su petici\u00f3n. Solamente en el caso de que el Usuario haya dado su consentimiento expreso, EL TITULAR DEL WEB le enviar\u00e1 informaci\u00f3n t\u00e9cnica, operativa y comercial, por cualquier medio, incluido el correo electr\u00f3nico y\/o medio equivalente, sobre productos, servicios, ofertas y novedades que consideremos de inter\u00e9s para el Usuario. EL TITULAR DEL WEB se compromete al cumplimiento de su obligaci\u00f3n de secreto de los datos de car\u00e1cter personal y de su deber de guardarlos y adoptar\u00e1 las medidas necesarias para evitar su alteraci\u00f3n, p\u00e9rdida, tratamiento o acceso no autorizado, habida cuenta en todo momento del estado de la tecnolog\u00eda, cumpliendo con las medidas de seguridad t\u00e9cnicas y organizativas. Por \u00faltimo, le informamos sobre la posibilidad de ejercitar los derechos de acceso, rectificaci\u00f3n, cancelaci\u00f3n y oposici\u00f3n mediante formulario dirigido al administrador del sistema.<\/p>\n","protected":false},"excerpt":{"rendered":"<p>IDENTIDAD DEL TITULAR DEL SITIO WEB http:\/\/www.clinvetdosona.cat CL\u00cdNICA VETERINARIA D&#8217;OSONA (a partir de ahora EL TITULAR DEL WEB) NIF: Avinguda Pa\u00efssos Catalans, 1 Vic 08500 Tel: 938856607 mail: clinica@clinvetdosona.cat T\u00c9RMINOS LEGALES Y CONDICIONES La utilizaci\u00f3n de este sitio Web atribuye al navegante la condici\u00f3n de Usuario del sitio, lo cual implica la adhesi\u00f3n a las [&hellip;]<\/p>\n","protected":false},"author":1,"featured_media":0,"parent":0,"menu_order":0,"comment_status":"closed","ping_status":"open","template":"","meta":{"footnotes":""},"class_list":["post-13749","page","type-page","status-publish","hentry"],"yoast_head":"<!-- This site is optimized with the Yoast SEO plugin v21.0 - https:\/\/yoast.com\/wordpress\/plugins\/seo\/ -->\n<title>Nuestra Pol\u00edtica de Privacidad - Cl\u00ednica Veterinaria de Osona<\/title>\n<meta name=\"description\" content=\"Cl\u00ednica Veterin\u00e0ria Osona - P\u00e1gina de Pol\u00edtica de privacidad\" \/>\n<meta name=\"robots\" content=\"index, follow, max-snippet:-1, max-image-preview:large, max-video-preview:-1\" \/>\n<link rel=\"canonical\" href=\"https:\/\/clinvetdosona.cat\/es\/politica-de-privacidad\/\" \/>\n<meta property=\"og:locale\" content=\"es_ES\" \/>\n<meta property=\"og:type\" content=\"article\" \/>\n<meta property=\"og:title\" content=\"Nuestra Pol\u00edtica de Privacidad - Cl\u00ednica Veterinaria de Osona\" \/>\n<meta property=\"og:description\" content=\"Cl\u00ednica Veterin\u00e0ria Osona - P\u00e1gina de Pol\u00edtica de privacidad\" \/>\n<meta property=\"og:url\" content=\"https:\/\/clinvetdosona.cat\/es\/politica-de-privacidad\/\" \/>\n<meta property=\"og:site_name\" content=\"Cl\u00ednica Veterin\u00e0ria d\u2019Osona\" \/>\n<meta property=\"article:modified_time\" content=\"2023-11-13T15:51:31+00:00\" \/>\n<meta name=\"twitter:card\" content=\"summary_large_image\" \/>\n<meta name=\"twitter:label1\" content=\"Tiempo de lectura\" \/>\n\t<meta name=\"twitter:data1\" content=\"6 minutos\" \/>\n<script type=\"application\/ld+json\" class=\"yoast-schema-graph\">{\"@context\":\"https:\/\/schema.org\",\"@graph\":[{\"@type\":\"WebPage\",\"@id\":\"https:\/\/clinvetdosona.cat\/es\/politica-de-privacidad\/\",\"url\":\"https:\/\/clinvetdosona.cat\/es\/politica-de-privacidad\/\",\"name\":\"Nuestra Pol\u00edtica de Privacidad - Cl\u00ednica Veterinaria de Osona\",\"isPartOf\":{\"@id\":\"https:\/\/clinvetdosona.cat\/#website\"},\"datePublished\":\"2023-04-20T08:43:03+00:00\",\"dateModified\":\"2023-11-13T15:51:31+00:00\",\"description\":\"Cl\u00ednica Veterin\u00e0ria Osona - P\u00e1gina de Pol\u00edtica de privacidad\",\"breadcrumb\":{\"@id\":\"https:\/\/clinvetdosona.cat\/es\/politica-de-privacidad\/#breadcrumb\"},\"inLanguage\":\"es\",\"potentialAction\":[{\"@type\":\"ReadAction\",\"target\":[\"https:\/\/clinvetdosona.cat\/es\/politica-de-privacidad\/\"]}]},{\"@type\":\"BreadcrumbList\",\"@id\":\"https:\/\/clinvetdosona.cat\/es\/politica-de-privacidad\/#breadcrumb\",\"itemListElement\":[{\"@type\":\"ListItem\",\"position\":1,\"name\":\"Inici\",\"item\":\"https:\/\/clinvetdosona.cat\/es\/\"},{\"@type\":\"ListItem\",\"position\":2,\"name\":\"Pol\u00edtica de privacidad\"}]},{\"@type\":\"WebSite\",\"@id\":\"https:\/\/clinvetdosona.cat\/#website\",\"url\":\"https:\/\/clinvetdosona.cat\/\",\"name\":\"Cl\u00ednica Veterin\u00e0ria d\u2019Osona\",\"description\":\"T\u2019ajudem a cuidar-lo\",\"potentialAction\":[{\"@type\":\"SearchAction\",\"target\":{\"@type\":\"EntryPoint\",\"urlTemplate\":\"https:\/\/clinvetdosona.cat\/?s={search_term_string}\"},\"query-input\":\"required name=search_term_string\"}],\"inLanguage\":\"es\"}]}<\/script>\n<!-- \/ Yoast SEO plugin. -->","yoast_head_json":{"title":"Nuestra Pol\u00edtica de Privacidad - Cl\u00ednica Veterinaria de Osona","description":"Cl\u00ednica Veterin\u00e0ria Osona - P\u00e1gina de Pol\u00edtica de privacidad","robots":{"index":"index","follow":"follow","max-snippet":"max-snippet:-1","max-image-preview":"max-image-preview:large","max-video-preview":"max-video-preview:-1"},"canonical":"https:\/\/clinvetdosona.cat\/es\/politica-de-privacidad\/","og_locale":"es_ES","og_type":"article","og_title":"Nuestra Pol\u00edtica de Privacidad - Cl\u00ednica Veterinaria de Osona","og_description":"Cl\u00ednica Veterin\u00e0ria Osona - P\u00e1gina de Pol\u00edtica de privacidad","og_url":"https:\/\/clinvetdosona.cat\/es\/politica-de-privacidad\/","og_site_name":"Cl\u00ednica Veterin\u00e0ria d\u2019Osona","article_modified_time":"2023-11-13T15:51:31+00:00","twitter_card":"summary_large_image","twitter_misc":{"Tiempo de lectura":"6 minutos"},"schema":{"@context":"https:\/\/schema.org","@graph":[{"@type":"WebPage","@id":"https:\/\/clinvetdosona.cat\/es\/politica-de-privacidad\/","url":"https:\/\/clinvetdosona.cat\/es\/politica-de-privacidad\/","name":"Nuestra Pol\u00edtica de Privacidad - Cl\u00ednica Veterinaria de Osona","isPartOf":{"@id":"https:\/\/clinvetdosona.cat\/#website"},"datePublished":"2023-04-20T08:43:03+00:00","dateModified":"2023-11-13T15:51:31+00:00","description":"Cl\u00ednica Veterin\u00e0ria Osona - P\u00e1gina de Pol\u00edtica de privacidad","breadcrumb":{"@id":"https:\/\/clinvetdosona.cat\/es\/politica-de-privacidad\/#breadcrumb"},"inLanguage":"es","potentialAction":[{"@type":"ReadAction","target":["https:\/\/clinvetdosona.cat\/es\/politica-de-privacidad\/"]}]},{"@type":"BreadcrumbList","@id":"https:\/\/clinvetdosona.cat\/es\/politica-de-privacidad\/#breadcrumb","itemListElement":[{"@type":"ListItem","position":1,"name":"Inici","item":"https:\/\/clinvetdosona.cat\/es\/"},{"@type":"ListItem","position":2,"name":"Pol\u00edtica de privacidad"}]},{"@type":"WebSite","@id":"https:\/\/clinvetdosona.cat\/#website","url":"https:\/\/clinvetdosona.cat\/","name":"Cl\u00ednica Veterin\u00e0ria d\u2019Osona","description":"T\u2019ajudem a cuidar-lo","potentialAction":[{"@type":"SearchAction","target":{"@type":"EntryPoint","urlTemplate":"https:\/\/clinvetdosona.cat\/?s={search_term_string}"},"query-input":"required name=search_term_string"}],"inLanguage":"es"}]}},"_links":{"self":[{"href":"https:\/\/clinvetdosona.cat\/es\/wp-json\/wp\/v2\/pages\/13749","targetHints":{"allow":["GET"]}}],"collection":[{"href":"https:\/\/clinvetdosona.cat\/es\/wp-json\/wp\/v2\/pages"}],"about":[{"href":"https:\/\/clinvetdosona.cat\/es\/wp-json\/wp\/v2\/types\/page"}],"author":[{"embeddable":true,"href":"https:\/\/clinvetdosona.cat\/es\/wp-json\/wp\/v2\/users\/1"}],"replies":[{"embeddable":true,"href":"https:\/\/clinvetdosona.cat\/es\/wp-json\/wp\/v2\/comments?post=13749"}],"version-history":[{"count":1,"href":"https:\/\/clinvetdosona.cat\/es\/wp-json\/wp\/v2\/pages\/13749\/revisions"}],"predecessor-version":[{"id":13787,"href":"https:\/\/clinvetdosona.cat\/es\/wp-json\/wp\/v2\/pages\/13749\/revisions\/13787"}],"wp:attachment":[{"href":"https:\/\/clinvetdosona.cat\/es\/wp-json\/wp\/v2\/media?parent=13749"}],"curies":[{"name":"wp","href":"https:\/\/api.w.org\/{rel}","templated":true}]}}