{"id":14488,"date":"2023-06-08T07:38:29","date_gmt":"2023-06-08T07:38:29","guid":{"rendered":"https:\/\/clinvetdosona.cat\/?page_id=14488"},"modified":"2023-11-13T15:54:53","modified_gmt":"2023-11-13T15:54:53","slug":"dani-blancafort-camprodon","status":"publish","type":"page","link":"https:\/\/clinvetdosona.cat\/es\/dani-blancafort-camprodon\/","title":{"rendered":"Dani Blancafort Camprodon"},"content":{"rendered":"\t\t<div data-elementor-type=\"wp-page\" data-elementor-id=\"14488\" class=\"elementor elementor-14488 elementor-14362\">\n\t\t\t\t\t\t\t\t\t<section class=\"elementor-section elementor-top-section elementor-element elementor-element-03a67a8 equipo elementor-section-boxed elementor-section-height-default elementor-section-height-default\" data-id=\"03a67a8\" data-element_type=\"section\">\n\t\t\t\t\t\t<div class=\"elementor-container elementor-column-gap-default\">\n\t\t\t\t\t<div class=\"elementor-column elementor-col-50 elementor-top-column elementor-element elementor-element-ac3338e\" data-id=\"ac3338e\" data-element_type=\"column\">\n\t\t\t<div class=\"elementor-widget-wrap elementor-element-populated\">\n\t\t\t\t\t\t\t\t<div class=\"elementor-element elementor-element-4669145 elementor-widget elementor-widget-image\" data-id=\"4669145\" data-element_type=\"widget\" data-widget_type=\"image.default\">\n\t\t\t\t<div class=\"elementor-widget-container\">\n\t\t\t<style>\/*! elementor - v3.12.1 - 02-04-2023 *\/\n.elementor-widget-image{text-align:center}.elementor-widget-image a{display:inline-block}.elementor-widget-image a img[src$=\".svg\"]{width:48px}.elementor-widget-image img{vertical-align:middle;display:inline-block}<\/style>\t\t\t\t\t\t\t\t\t\t\t\t<img loading=\"lazy\" decoding=\"async\" width=\"700\" height=\"922\" src=\"https:\/\/clinvetdosona.cat\/wp-content\/uploads\/2021\/08\/Dani-Blancafort-Camprodon.jpg\" class=\"attachment-full size-full wp-image-12397\" alt=\"Dani Blancafort Camprodon\" srcset=\"https:\/\/clinvetdosona.cat\/wp-content\/uploads\/2021\/08\/Dani-Blancafort-Camprodon.jpg 700w, https:\/\/clinvetdosona.cat\/wp-content\/uploads\/2021\/08\/Dani-Blancafort-Camprodon-228x300.jpg 228w, https:\/\/clinvetdosona.cat\/wp-content\/uploads\/2021\/08\/Dani-Blancafort-Camprodon-600x790.jpg 600w\" sizes=\"auto, (max-width: 700px) 100vw, 700px\" \/>\t\t\t\t\t\t\t\t\t\t\t\t\t\t\t<\/div>\n\t\t\t\t<\/div>\n\t\t\t\t\t<\/div>\n\t\t<\/div>\n\t\t\t\t<div class=\"elementor-column elementor-col-50 elementor-top-column elementor-element elementor-element-04f3a49\" data-id=\"04f3a49\" data-element_type=\"column\">\n\t\t\t<div class=\"elementor-widget-wrap elementor-element-populated\">\n\t\t\t\t\t\t\t\t<div class=\"elementor-element elementor-element-30cc585 poket-star-rating--align-center elementor-widget elementor-widget-witr_section_title\" data-id=\"30cc585\" data-element_type=\"widget\" data-widget_type=\"witr_section_title.default\">\n\t\t\t\t<div class=\"elementor-widget-container\">\n\t\t\t\t\t\t\t\t<!-- title left -->\n\t\t\t\t\t<div class=\"witr_section_title\">\n\t\t\t\t\t\t<div class=\"witr_section_title_inner text-left\">\n\t\t\t\t\t\t\n\t\t\t\t\t\t\t<!-- icon position -->\n\t\t\t\t\t\t\t\t\n\t\t\t\t\t\t\t<!-- end icon position -->\n\t\t\t\t\t\t\n\t\t\t\t\t\t\n\t\t\t\t\t\t\t<!-- title top -->\n\t\t\t\t\t\t\t\n\t\t\t\t\t\t\t<!-- icon position -->\n\t\t\t\t\t\t\t\t\n\t\t\t\t\t\t\t<!-- end icon position -->\n\n\t\t\t\t\t\t\t\n\t\t\t\t\t\t\t<!-- title middle -->\n\t\t\t\t\t\t\t\t\t\t\t\t\t\t\t<h3>Dani Blancafort Camprodon<\/h3>\t\t\n\t\t\t\t\t\t\t\t\t\t\t\t\t\t<!-- title bottom -->\n\t\t\t\t\t\t\t\t\t\t\t\t\t\t\t<h1>Veterinario<\/h1>\t\t\n\t\t\t\t\t\t\t\t\t\t\t\t\t\t\n\t\t\t\t\t\t\t<!-- icon position -->\n\t\t\t\t\t\t\t\t\t\t\t\t\t\t\n\t\t\t\t\t\t\t<!-- image -->\n\t\t\t\t\t\t\t\t\t\t\t\t\t\t<!-- icon -->\n\t\t\t\t\t\t\t\t\t\t\t\t\t\t\n\t\t\t\t\t\t\t<!-- bar -->\n\t\t\t\t\t\t\t\t\t\t\t\t\t\t<!-- circle bar -->\n\t\t\t\t\t\t\t\t\t\t\t\t\t\t\n\t\t\t\t\t\t\t\t\n\t\t\t\t\t\t\t<!-- end icon position -->\n\n\t\t\t\t\t\t\t<!-- content -->\n\t\t\t\t\t\t\t\t\t\t\t\t\t\t\t<p>Licenciado en Veterinaria el a\u00f1o 1992 por la Universitat Aut\u00f2noma de Barcelona. Ha dedicado su vida laboral a la cura y atenci\u00f3n de la salud de las mascotas consiguiendo hacer de su vocaci\u00f3n un trabajo. Junto con Josep Plans, es socio fundador de la cl\u00ednica.  <\/p>\t\t\n\t\t\t\t\t\t\t\t\t\t\t\t\t<\/div>\n\t\t\t\t\t\t\t<!-- inner title -->\n\t\t\t\t\t\t\t\t\t\t\t\t\t\n\t\t\t\t\t<\/div>\t\t\t\t\n\t\t\t\t\t\t<\/div>\n\t\t\t\t<\/div>\n\t\t\t\t\t<\/div>\n\t\t<\/div>\n\t\t\t\t\t\t\t<\/div>\n\t\t<\/section>\n\t\t\t\t\t\t\t<\/div>\n\t\t","protected":false},"excerpt":{"rendered":"<p>Dani Blancafort Camprodon Veterinario Licenciado en Veterinaria el a\u00f1o 1992 por la Universitat Aut\u00f2noma de Barcelona. Ha dedicado su vida laboral a la cura y atenci\u00f3n de la salud de las mascotas consiguiendo hacer de su vocaci\u00f3n un trabajo. Junto con Josep Plans, es socio fundador de la cl\u00ednica.<\/p>\n","protected":false},"author":1,"featured_media":0,"parent":0,"menu_order":0,"comment_status":"closed","ping_status":"closed","template":"template-home.php","meta":{"footnotes":""},"class_list":["post-14488","page","type-page","status-publish","hentry"],"yoast_head":"<!-- This site is optimized with the Yoast SEO plugin v21.0 - https:\/\/yoast.com\/wordpress\/plugins\/seo\/ -->\n<title>Dani Blancafort Camprodon - Cl\u00ednica Veterinaria de Osona<\/title>\n<meta name=\"description\" content=\"Cl\u00ednica veterinaria Vic - Veterinarios 24 h Vic - Veterinario con experiencia en tratamiento de mascotas en Vic\" \/>\n<meta name=\"robots\" content=\"index, follow, max-snippet:-1, max-image-preview:large, max-video-preview:-1\" \/>\n<link rel=\"canonical\" href=\"https:\/\/clinvetdosona.cat\/es\/dani-blancafort-camprodon\/\" \/>\n<meta property=\"og:locale\" content=\"es_ES\" \/>\n<meta property=\"og:type\" content=\"article\" \/>\n<meta property=\"og:title\" content=\"Dani Blancafort Camprodon - Cl\u00ednica Veterinaria de Osona\" \/>\n<meta property=\"og:description\" content=\"Cl\u00ednica veterinaria Vic - Veterinarios 24 h Vic - Veterinario con experiencia en tratamiento de mascotas en Vic\" \/>\n<meta property=\"og:url\" content=\"https:\/\/clinvetdosona.cat\/es\/dani-blancafort-camprodon\/\" \/>\n<meta property=\"og:site_name\" content=\"Cl\u00ednica Veterin\u00e0ria d\u2019Osona\" \/>\n<meta property=\"article:modified_time\" content=\"2023-11-13T15:54:53+00:00\" \/>\n<meta property=\"og:image\" content=\"https:\/\/clinvetdosona.cat\/wp-content\/uploads\/2021\/08\/Dani-Blancafort-Camprodon.jpg\" \/>\n<meta name=\"twitter:card\" content=\"summary_large_image\" \/>\n<meta name=\"twitter:label1\" content=\"Tiempo de lectura\" \/>\n\t<meta name=\"twitter:data1\" content=\"1 minuto\" \/>\n<script type=\"application\/ld+json\" class=\"yoast-schema-graph\">{\"@context\":\"https:\/\/schema.org\",\"@graph\":[{\"@type\":\"WebPage\",\"@id\":\"https:\/\/clinvetdosona.cat\/es\/dani-blancafort-camprodon\/\",\"url\":\"https:\/\/clinvetdosona.cat\/es\/dani-blancafort-camprodon\/\",\"name\":\"Dani Blancafort Camprodon - Cl\u00ednica Veterinaria de Osona\",\"isPartOf\":{\"@id\":\"https:\/\/clinvetdosona.cat\/#website\"},\"datePublished\":\"2023-06-08T07:38:29+00:00\",\"dateModified\":\"2023-11-13T15:54:53+00:00\",\"description\":\"Cl\u00ednica veterinaria Vic - Veterinarios 24 h Vic - Veterinario con experiencia en tratamiento de mascotas en Vic\",\"breadcrumb\":{\"@id\":\"https:\/\/clinvetdosona.cat\/es\/dani-blancafort-camprodon\/#breadcrumb\"},\"inLanguage\":\"es\",\"potentialAction\":[{\"@type\":\"ReadAction\",\"target\":[\"https:\/\/clinvetdosona.cat\/es\/dani-blancafort-camprodon\/\"]}]},{\"@type\":\"BreadcrumbList\",\"@id\":\"https:\/\/clinvetdosona.cat\/es\/dani-blancafort-camprodon\/#breadcrumb\",\"itemListElement\":[{\"@type\":\"ListItem\",\"position\":1,\"name\":\"Inici\",\"item\":\"https:\/\/clinvetdosona.cat\/es\/\"},{\"@type\":\"ListItem\",\"position\":2,\"name\":\"Dani Blancafort Camprodon\"}]},{\"@type\":\"WebSite\",\"@id\":\"https:\/\/clinvetdosona.cat\/#website\",\"url\":\"https:\/\/clinvetdosona.cat\/\",\"name\":\"Cl\u00ednica Veterin\u00e0ria d\u2019Osona\",\"description\":\"T\u2019ajudem a cuidar-lo\",\"potentialAction\":[{\"@type\":\"SearchAction\",\"target\":{\"@type\":\"EntryPoint\",\"urlTemplate\":\"https:\/\/clinvetdosona.cat\/?s={search_term_string}\"},\"query-input\":\"required name=search_term_string\"}],\"inLanguage\":\"es\"}]}<\/script>\n<!-- \/ Yoast SEO plugin. -->","yoast_head_json":{"title":"Dani Blancafort Camprodon - Cl\u00ednica Veterinaria de Osona","description":"Cl\u00ednica veterinaria Vic - Veterinarios 24 h Vic - Veterinario con experiencia en tratamiento de mascotas en Vic","robots":{"index":"index","follow":"follow","max-snippet":"max-snippet:-1","max-image-preview":"max-image-preview:large","max-video-preview":"max-video-preview:-1"},"canonical":"https:\/\/clinvetdosona.cat\/es\/dani-blancafort-camprodon\/","og_locale":"es_ES","og_type":"article","og_title":"Dani Blancafort Camprodon - Cl\u00ednica Veterinaria de Osona","og_description":"Cl\u00ednica veterinaria Vic - Veterinarios 24 h Vic - Veterinario con experiencia en tratamiento de mascotas en Vic","og_url":"https:\/\/clinvetdosona.cat\/es\/dani-blancafort-camprodon\/","og_site_name":"Cl\u00ednica Veterin\u00e0ria d\u2019Osona","article_modified_time":"2023-11-13T15:54:53+00:00","og_image":[{"url":"https:\/\/clinvetdosona.cat\/wp-content\/uploads\/2021\/08\/Dani-Blancafort-Camprodon.jpg"}],"twitter_card":"summary_large_image","twitter_misc":{"Tiempo de lectura":"1 minuto"},"schema":{"@context":"https:\/\/schema.org","@graph":[{"@type":"WebPage","@id":"https:\/\/clinvetdosona.cat\/es\/dani-blancafort-camprodon\/","url":"https:\/\/clinvetdosona.cat\/es\/dani-blancafort-camprodon\/","name":"Dani Blancafort Camprodon - Cl\u00ednica Veterinaria de Osona","isPartOf":{"@id":"https:\/\/clinvetdosona.cat\/#website"},"datePublished":"2023-06-08T07:38:29+00:00","dateModified":"2023-11-13T15:54:53+00:00","description":"Cl\u00ednica veterinaria Vic - Veterinarios 24 h Vic - Veterinario con experiencia en tratamiento de mascotas en Vic","breadcrumb":{"@id":"https:\/\/clinvetdosona.cat\/es\/dani-blancafort-camprodon\/#breadcrumb"},"inLanguage":"es","potentialAction":[{"@type":"ReadAction","target":["https:\/\/clinvetdosona.cat\/es\/dani-blancafort-camprodon\/"]}]},{"@type":"BreadcrumbList","@id":"https:\/\/clinvetdosona.cat\/es\/dani-blancafort-camprodon\/#breadcrumb","itemListElement":[{"@type":"ListItem","position":1,"name":"Inici","item":"https:\/\/clinvetdosona.cat\/es\/"},{"@type":"ListItem","position":2,"name":"Dani Blancafort Camprodon"}]},{"@type":"WebSite","@id":"https:\/\/clinvetdosona.cat\/#website","url":"https:\/\/clinvetdosona.cat\/","name":"Cl\u00ednica Veterin\u00e0ria d\u2019Osona","description":"T\u2019ajudem a cuidar-lo","potentialAction":[{"@type":"SearchAction","target":{"@type":"EntryPoint","urlTemplate":"https:\/\/clinvetdosona.cat\/?s={search_term_string}"},"query-input":"required name=search_term_string"}],"inLanguage":"es"}]}},"_links":{"self":[{"href":"https:\/\/clinvetdosona.cat\/es\/wp-json\/wp\/v2\/pages\/14488","targetHints":{"allow":["GET"]}}],"collection":[{"href":"https:\/\/clinvetdosona.cat\/es\/wp-json\/wp\/v2\/pages"}],"about":[{"href":"https:\/\/clinvetdosona.cat\/es\/wp-json\/wp\/v2\/types\/page"}],"author":[{"embeddable":true,"href":"https:\/\/clinvetdosona.cat\/es\/wp-json\/wp\/v2\/users\/1"}],"replies":[{"embeddable":true,"href":"https:\/\/clinvetdosona.cat\/es\/wp-json\/wp\/v2\/comments?post=14488"}],"version-history":[{"count":5,"href":"https:\/\/clinvetdosona.cat\/es\/wp-json\/wp\/v2\/pages\/14488\/revisions"}],"predecessor-version":[{"id":14736,"href":"https:\/\/clinvetdosona.cat\/es\/wp-json\/wp\/v2\/pages\/14488\/revisions\/14736"}],"wp:attachment":[{"href":"https:\/\/clinvetdosona.cat\/es\/wp-json\/wp\/v2\/media?parent=14488"}],"curies":[{"name":"wp","href":"https:\/\/api.w.org\/{rel}","templated":true}]}}