{"id":14493,"date":"2023-06-08T08:35:53","date_gmt":"2023-06-08T08:35:53","guid":{"rendered":"https:\/\/clinvetdosona.cat\/?page_id=14493"},"modified":"2023-11-13T15:55:17","modified_gmt":"2023-11-13T15:55:17","slug":"marti-aparicio-bretxa","status":"publish","type":"page","link":"https:\/\/clinvetdosona.cat\/es\/marti-aparicio-bretxa\/","title":{"rendered":"Mart\u00ed Aparicio Bretxa"},"content":{"rendered":"\t\t<div data-elementor-type=\"wp-page\" data-elementor-id=\"14493\" class=\"elementor elementor-14493 elementor-14395\">\n\t\t\t\t\t\t\t\t\t<section class=\"elementor-section elementor-top-section elementor-element elementor-element-82f9f67 equipo elementor-section-boxed elementor-section-height-default elementor-section-height-default\" data-id=\"82f9f67\" data-element_type=\"section\">\n\t\t\t\t\t\t<div class=\"elementor-container elementor-column-gap-default\">\n\t\t\t\t\t<div class=\"elementor-column elementor-col-50 elementor-top-column elementor-element elementor-element-93e73ce\" data-id=\"93e73ce\" data-element_type=\"column\">\n\t\t\t<div class=\"elementor-widget-wrap elementor-element-populated\">\n\t\t\t\t\t\t\t\t<div class=\"elementor-element elementor-element-bf4b3d5 elementor-widget elementor-widget-image\" data-id=\"bf4b3d5\" data-element_type=\"widget\" data-widget_type=\"image.default\">\n\t\t\t\t<div class=\"elementor-widget-container\">\n\t\t\t<style>\/*! elementor - v3.12.1 - 02-04-2023 *\/\n.elementor-widget-image{text-align:center}.elementor-widget-image a{display:inline-block}.elementor-widget-image a img[src$=\".svg\"]{width:48px}.elementor-widget-image img{vertical-align:middle;display:inline-block}<\/style>\t\t\t\t\t\t\t\t\t\t\t\t<img loading=\"lazy\" decoding=\"async\" width=\"750\" height=\"988\" src=\"https:\/\/clinvetdosona.cat\/wp-content\/uploads\/2023\/04\/Marti-Aparicio-Bretxa.jpg\" class=\"attachment-full size-full wp-image-12440\" alt=\"Mart\u00ed Aparicio Bretxa\" srcset=\"https:\/\/clinvetdosona.cat\/wp-content\/uploads\/2023\/04\/Marti-Aparicio-Bretxa.jpg 750w, https:\/\/clinvetdosona.cat\/wp-content\/uploads\/2023\/04\/Marti-Aparicio-Bretxa-228x300.jpg 228w, https:\/\/clinvetdosona.cat\/wp-content\/uploads\/2023\/04\/Marti-Aparicio-Bretxa-600x790.jpg 600w\" sizes=\"auto, (max-width: 750px) 100vw, 750px\" \/>\t\t\t\t\t\t\t\t\t\t\t\t\t\t\t<\/div>\n\t\t\t\t<\/div>\n\t\t\t\t\t<\/div>\n\t\t<\/div>\n\t\t\t\t<div class=\"elementor-column elementor-col-50 elementor-top-column elementor-element elementor-element-9b1c1b6\" data-id=\"9b1c1b6\" data-element_type=\"column\">\n\t\t\t<div class=\"elementor-widget-wrap elementor-element-populated\">\n\t\t\t\t\t\t\t\t<div class=\"elementor-element elementor-element-b8164b3 poket-star-rating--align-center elementor-widget elementor-widget-witr_section_title\" data-id=\"b8164b3\" data-element_type=\"widget\" data-widget_type=\"witr_section_title.default\">\n\t\t\t\t<div class=\"elementor-widget-container\">\n\t\t\t\t\t\t\t\t<!-- title left -->\n\t\t\t\t\t<div class=\"witr_section_title\">\n\t\t\t\t\t\t<div class=\"witr_section_title_inner text-left\">\n\t\t\t\t\t\t\n\t\t\t\t\t\t\t<!-- icon position -->\n\t\t\t\t\t\t\t\t\n\t\t\t\t\t\t\t<!-- end icon position -->\n\t\t\t\t\t\t\n\t\t\t\t\t\t\n\t\t\t\t\t\t\t<!-- title top -->\n\t\t\t\t\t\t\t\n\t\t\t\t\t\t\t<!-- icon position -->\n\t\t\t\t\t\t\t\t\n\t\t\t\t\t\t\t<!-- end icon position -->\n\n\t\t\t\t\t\t\t\n\t\t\t\t\t\t\t<!-- title middle -->\n\t\t\t\t\t\t\t\t\t\t\t\t\t\t\t<h3>Mart\u00ed Aparicio Bretxa<\/h3>\t\t\n\t\t\t\t\t\t\t\t\t\t\t\t\t\t<!-- title bottom -->\n\t\t\t\t\t\t\t\t\t\t\t\t\t\t\t<h1>Veterinario<\/h1>\t\t\n\t\t\t\t\t\t\t\t\t\t\t\t\t\t\n\t\t\t\t\t\t\t<!-- icon position -->\n\t\t\t\t\t\t\t\t\t\t\t\t\t\t\n\t\t\t\t\t\t\t<!-- image -->\n\t\t\t\t\t\t\t\t\t\t\t\t\t\t<!-- icon -->\n\t\t\t\t\t\t\t\t\t\t\t\t\t\t\n\t\t\t\t\t\t\t<!-- bar -->\n\t\t\t\t\t\t\t\t\t\t\t\t\t\t<!-- circle bar -->\n\t\t\t\t\t\t\t\t\t\t\t\t\t\t\n\t\t\t\t\t\t\t\t\n\t\t\t\t\t\t\t<!-- end icon position -->\n\n\t\t\t\t\t\t\t<!-- content -->\n\t\t\t\t\t\t\t\t\t\t\t\t\t\t\t<p>Licenciado en Veterinaria el A\u00f1o 2014 en la Universitat Aut\u00f2noma de Barcelona, realiza tambi\u00e9n un m\u00e1ster en Etolog\u00eda de los Animales de Compa\u00f1\u00eda el 2015, en la misma universidad. Se incorpor\u00f3 al equipo de la cl\u00ednica en el 2014, aunque empez\u00f3 a hacer aqu\u00ed pr\u00e1cticas en el 2011. Descubri\u00f3 el amor por los animales desde ni\u00f1o, un amor y atenci\u00f3n que ya le inculcaron en casa, donde siempre han vivido con animales. Le apasiona especialmente la etolog\u00eda, la cirug\u00eda y el diagn\u00f3stico por imagen. Y c\u00f3mo curiosidad, tiene un gecko muy simp\u00e1tico que se llama \u201cGustavo\u201d. <\/p>\t\t\n\t\t\t\t\t\t\t\t\t\t\t\t\t<\/div>\n\t\t\t\t\t\t\t<!-- inner title -->\n\t\t\t\t\t\t\t\t\t\t\t\t\t\n\t\t\t\t\t<\/div>\t\t\t\t\n\t\t\t\t\t\t<\/div>\n\t\t\t\t<\/div>\n\t\t\t\t\t<\/div>\n\t\t<\/div>\n\t\t\t\t\t\t\t<\/div>\n\t\t<\/section>\n\t\t\t\t\t\t\t<\/div>\n\t\t","protected":false},"excerpt":{"rendered":"<p>Mart\u00ed Aparicio Bretxa Veterinario Licenciado en Veterinaria el A\u00f1o 2014 en la Universitat Aut\u00f2noma de Barcelona, realiza tambi\u00e9n un m\u00e1ster en Etolog\u00eda de los Animales de Compa\u00f1\u00eda el 2015, en la misma universidad. Se incorpor\u00f3 al equipo de la cl\u00ednica en el 2014, aunque empez\u00f3 a hacer aqu\u00ed pr\u00e1cticas en el 2011. Descubri\u00f3 el amor [&hellip;]<\/p>\n","protected":false},"author":1,"featured_media":0,"parent":0,"menu_order":0,"comment_status":"closed","ping_status":"closed","template":"template-home.php","meta":{"footnotes":""},"class_list":["post-14493","page","type-page","status-publish","hentry"],"yoast_head":"<!-- This site is optimized with the Yoast SEO plugin v21.0 - https:\/\/yoast.com\/wordpress\/plugins\/seo\/ -->\n<title>Mart\u00ed Aparicio Bretxa - Cl\u00ednica Veterinaria de Osona<\/title>\n<meta name=\"description\" content=\"Cl\u00ednica veterinaria Vic - Veterinarios Vic - Veterinario con dilatada experiencia en tratamiento de mascotas en Vic\" \/>\n<meta name=\"robots\" content=\"index, follow, max-snippet:-1, max-image-preview:large, max-video-preview:-1\" \/>\n<link rel=\"canonical\" href=\"https:\/\/clinvetdosona.cat\/es\/marti-aparicio-bretxa\/\" \/>\n<meta property=\"og:locale\" content=\"es_ES\" \/>\n<meta property=\"og:type\" content=\"article\" \/>\n<meta property=\"og:title\" content=\"Mart\u00ed Aparicio Bretxa - Cl\u00ednica Veterinaria de Osona\" \/>\n<meta property=\"og:description\" content=\"Cl\u00ednica veterinaria Vic - Veterinarios Vic - Veterinario con dilatada experiencia en tratamiento de mascotas en Vic\" \/>\n<meta property=\"og:url\" content=\"https:\/\/clinvetdosona.cat\/es\/marti-aparicio-bretxa\/\" \/>\n<meta property=\"og:site_name\" content=\"Cl\u00ednica Veterin\u00e0ria d\u2019Osona\" \/>\n<meta property=\"article:modified_time\" content=\"2023-11-13T15:55:17+00:00\" \/>\n<meta property=\"og:image\" content=\"https:\/\/clinvetdosona.cat\/wp-content\/uploads\/2023\/04\/Marti-Aparicio-Bretxa.jpg\" \/>\n<meta name=\"twitter:card\" content=\"summary_large_image\" \/>\n<meta name=\"twitter:label1\" content=\"Tiempo de lectura\" \/>\n\t<meta name=\"twitter:data1\" content=\"1 minuto\" \/>\n<script type=\"application\/ld+json\" class=\"yoast-schema-graph\">{\"@context\":\"https:\/\/schema.org\",\"@graph\":[{\"@type\":\"WebPage\",\"@id\":\"https:\/\/clinvetdosona.cat\/es\/marti-aparicio-bretxa\/\",\"url\":\"https:\/\/clinvetdosona.cat\/es\/marti-aparicio-bretxa\/\",\"name\":\"Mart\u00ed Aparicio Bretxa - Cl\u00ednica Veterinaria de Osona\",\"isPartOf\":{\"@id\":\"https:\/\/clinvetdosona.cat\/#website\"},\"datePublished\":\"2023-06-08T08:35:53+00:00\",\"dateModified\":\"2023-11-13T15:55:17+00:00\",\"description\":\"Cl\u00ednica veterinaria Vic - Veterinarios Vic - Veterinario con dilatada experiencia en tratamiento de mascotas en Vic\",\"breadcrumb\":{\"@id\":\"https:\/\/clinvetdosona.cat\/es\/marti-aparicio-bretxa\/#breadcrumb\"},\"inLanguage\":\"es\",\"potentialAction\":[{\"@type\":\"ReadAction\",\"target\":[\"https:\/\/clinvetdosona.cat\/es\/marti-aparicio-bretxa\/\"]}]},{\"@type\":\"BreadcrumbList\",\"@id\":\"https:\/\/clinvetdosona.cat\/es\/marti-aparicio-bretxa\/#breadcrumb\",\"itemListElement\":[{\"@type\":\"ListItem\",\"position\":1,\"name\":\"Inici\",\"item\":\"https:\/\/clinvetdosona.cat\/es\/\"},{\"@type\":\"ListItem\",\"position\":2,\"name\":\"Mart\u00ed Aparicio Bretxa\"}]},{\"@type\":\"WebSite\",\"@id\":\"https:\/\/clinvetdosona.cat\/#website\",\"url\":\"https:\/\/clinvetdosona.cat\/\",\"name\":\"Cl\u00ednica Veterin\u00e0ria d\u2019Osona\",\"description\":\"T\u2019ajudem a cuidar-lo\",\"potentialAction\":[{\"@type\":\"SearchAction\",\"target\":{\"@type\":\"EntryPoint\",\"urlTemplate\":\"https:\/\/clinvetdosona.cat\/?s={search_term_string}\"},\"query-input\":\"required name=search_term_string\"}],\"inLanguage\":\"es\"}]}<\/script>\n<!-- \/ Yoast SEO plugin. -->","yoast_head_json":{"title":"Mart\u00ed Aparicio Bretxa - Cl\u00ednica Veterinaria de Osona","description":"Cl\u00ednica veterinaria Vic - Veterinarios Vic - Veterinario con dilatada experiencia en tratamiento de mascotas en Vic","robots":{"index":"index","follow":"follow","max-snippet":"max-snippet:-1","max-image-preview":"max-image-preview:large","max-video-preview":"max-video-preview:-1"},"canonical":"https:\/\/clinvetdosona.cat\/es\/marti-aparicio-bretxa\/","og_locale":"es_ES","og_type":"article","og_title":"Mart\u00ed Aparicio Bretxa - Cl\u00ednica Veterinaria de Osona","og_description":"Cl\u00ednica veterinaria Vic - Veterinarios Vic - Veterinario con dilatada experiencia en tratamiento de mascotas en Vic","og_url":"https:\/\/clinvetdosona.cat\/es\/marti-aparicio-bretxa\/","og_site_name":"Cl\u00ednica Veterin\u00e0ria d\u2019Osona","article_modified_time":"2023-11-13T15:55:17+00:00","og_image":[{"url":"https:\/\/clinvetdosona.cat\/wp-content\/uploads\/2023\/04\/Marti-Aparicio-Bretxa.jpg"}],"twitter_card":"summary_large_image","twitter_misc":{"Tiempo de lectura":"1 minuto"},"schema":{"@context":"https:\/\/schema.org","@graph":[{"@type":"WebPage","@id":"https:\/\/clinvetdosona.cat\/es\/marti-aparicio-bretxa\/","url":"https:\/\/clinvetdosona.cat\/es\/marti-aparicio-bretxa\/","name":"Mart\u00ed Aparicio Bretxa - Cl\u00ednica Veterinaria de Osona","isPartOf":{"@id":"https:\/\/clinvetdosona.cat\/#website"},"datePublished":"2023-06-08T08:35:53+00:00","dateModified":"2023-11-13T15:55:17+00:00","description":"Cl\u00ednica veterinaria Vic - Veterinarios Vic - Veterinario con dilatada experiencia en tratamiento de mascotas en Vic","breadcrumb":{"@id":"https:\/\/clinvetdosona.cat\/es\/marti-aparicio-bretxa\/#breadcrumb"},"inLanguage":"es","potentialAction":[{"@type":"ReadAction","target":["https:\/\/clinvetdosona.cat\/es\/marti-aparicio-bretxa\/"]}]},{"@type":"BreadcrumbList","@id":"https:\/\/clinvetdosona.cat\/es\/marti-aparicio-bretxa\/#breadcrumb","itemListElement":[{"@type":"ListItem","position":1,"name":"Inici","item":"https:\/\/clinvetdosona.cat\/es\/"},{"@type":"ListItem","position":2,"name":"Mart\u00ed Aparicio Bretxa"}]},{"@type":"WebSite","@id":"https:\/\/clinvetdosona.cat\/#website","url":"https:\/\/clinvetdosona.cat\/","name":"Cl\u00ednica Veterin\u00e0ria d\u2019Osona","description":"T\u2019ajudem a cuidar-lo","potentialAction":[{"@type":"SearchAction","target":{"@type":"EntryPoint","urlTemplate":"https:\/\/clinvetdosona.cat\/?s={search_term_string}"},"query-input":"required name=search_term_string"}],"inLanguage":"es"}]}},"_links":{"self":[{"href":"https:\/\/clinvetdosona.cat\/es\/wp-json\/wp\/v2\/pages\/14493","targetHints":{"allow":["GET"]}}],"collection":[{"href":"https:\/\/clinvetdosona.cat\/es\/wp-json\/wp\/v2\/pages"}],"about":[{"href":"https:\/\/clinvetdosona.cat\/es\/wp-json\/wp\/v2\/types\/page"}],"author":[{"embeddable":true,"href":"https:\/\/clinvetdosona.cat\/es\/wp-json\/wp\/v2\/users\/1"}],"replies":[{"embeddable":true,"href":"https:\/\/clinvetdosona.cat\/es\/wp-json\/wp\/v2\/comments?post=14493"}],"version-history":[{"count":5,"href":"https:\/\/clinvetdosona.cat\/es\/wp-json\/wp\/v2\/pages\/14493\/revisions"}],"predecessor-version":[{"id":14737,"href":"https:\/\/clinvetdosona.cat\/es\/wp-json\/wp\/v2\/pages\/14493\/revisions\/14737"}],"wp:attachment":[{"href":"https:\/\/clinvetdosona.cat\/es\/wp-json\/wp\/v2\/media?parent=14493"}],"curies":[{"name":"wp","href":"https:\/\/api.w.org\/{rel}","templated":true}]}}