{"id":14513,"date":"2023-06-08T08:44:39","date_gmt":"2023-06-08T08:44:39","guid":{"rendered":"https:\/\/clinvetdosona.cat\/?page_id=14513"},"modified":"2024-06-11T14:57:46","modified_gmt":"2024-06-11T14:57:46","slug":"raquel-santisteban-llop","status":"publish","type":"page","link":"https:\/\/clinvetdosona.cat\/es\/raquel-santisteban-llop\/","title":{"rendered":"Raquel Santisteban Llop"},"content":{"rendered":"\t\t<div data-elementor-type=\"wp-page\" data-elementor-id=\"14513\" class=\"elementor elementor-14513\">\n\t\t\t\t\t\t\t\t\t<section class=\"elementor-section elementor-top-section elementor-element elementor-element-c9ceb83 equipo elementor-section-boxed elementor-section-height-default elementor-section-height-default\" data-id=\"c9ceb83\" data-element_type=\"section\">\n\t\t\t\t\t\t<div class=\"elementor-container elementor-column-gap-default\">\n\t\t\t\t\t<div class=\"elementor-column elementor-col-50 elementor-top-column elementor-element elementor-element-0c26a48\" data-id=\"0c26a48\" data-element_type=\"column\">\n\t\t\t<div class=\"elementor-widget-wrap elementor-element-populated\">\n\t\t\t\t\t\t\t\t<div class=\"elementor-element elementor-element-f3b7666 elementor-widget elementor-widget-image\" data-id=\"f3b7666\" data-element_type=\"widget\" data-widget_type=\"image.default\">\n\t\t\t\t<div class=\"elementor-widget-container\">\n\t\t\t<style>\/*! elementor - v3.12.1 - 02-04-2023 *\/\n.elementor-widget-image{text-align:center}.elementor-widget-image a{display:inline-block}.elementor-widget-image a img[src$=\".svg\"]{width:48px}.elementor-widget-image img{vertical-align:middle;display:inline-block}<\/style>\t\t\t\t\t\t\t\t\t\t\t\t<img loading=\"lazy\" decoding=\"async\" width=\"750\" height=\"988\" src=\"https:\/\/clinvetdosona.cat\/wp-content\/uploads\/2023\/04\/Raquel-Santisteban-Llop.jpg\" class=\"attachment-full size-full wp-image-12444\" alt=\"Raquel Santisteban Llop\" srcset=\"https:\/\/clinvetdosona.cat\/wp-content\/uploads\/2023\/04\/Raquel-Santisteban-Llop.jpg 750w, https:\/\/clinvetdosona.cat\/wp-content\/uploads\/2023\/04\/Raquel-Santisteban-Llop-228x300.jpg 228w, https:\/\/clinvetdosona.cat\/wp-content\/uploads\/2023\/04\/Raquel-Santisteban-Llop-600x790.jpg 600w\" sizes=\"auto, (max-width: 750px) 100vw, 750px\" \/>\t\t\t\t\t\t\t\t\t\t\t\t\t\t\t<\/div>\n\t\t\t\t<\/div>\n\t\t\t\t\t<\/div>\n\t\t<\/div>\n\t\t\t\t<div class=\"elementor-column elementor-col-50 elementor-top-column elementor-element elementor-element-56c9c75\" data-id=\"56c9c75\" data-element_type=\"column\">\n\t\t\t<div class=\"elementor-widget-wrap elementor-element-populated\">\n\t\t\t\t\t\t\t\t<div class=\"elementor-element elementor-element-b1278c2 poket-star-rating--align-center elementor-widget elementor-widget-witr_section_title\" data-id=\"b1278c2\" data-element_type=\"widget\" data-widget_type=\"witr_section_title.default\">\n\t\t\t\t<div class=\"elementor-widget-container\">\n\t\t\t\t\t\t\t\t<!-- title left -->\n\t\t\t\t\t<div class=\"witr_section_title\">\n\t\t\t\t\t\t<div class=\"witr_section_title_inner text-left\">\n\t\t\t\t\t\t\n\t\t\t\t\t\t\t<!-- icon position -->\n\t\t\t\t\t\t\t\t\n\t\t\t\t\t\t\t<!-- end icon position -->\n\t\t\t\t\t\t\n\t\t\t\t\t\t\n\t\t\t\t\t\t\t<!-- title top -->\n\t\t\t\t\t\t\t\n\t\t\t\t\t\t\t<!-- icon position -->\n\t\t\t\t\t\t\t\t\n\t\t\t\t\t\t\t<!-- end icon position -->\n\n\t\t\t\t\t\t\t\n\t\t\t\t\t\t\t<!-- title middle -->\n\t\t\t\t\t\t\t\t\t\t\t\t\t\t\t<h3>Raquel Santisteban Llop<\/h3>\t\t\n\t\t\t\t\t\t\t\t\t\t\t\t\t\t<!-- title bottom -->\n\t\t\t\t\t\t\t\t\t\t\t\t\t\t\t<h1>Auxiliar<\/h1>\t\t\n\t\t\t\t\t\t\t\t\t\t\t\t\t\t\n\t\t\t\t\t\t\t<!-- icon position -->\n\t\t\t\t\t\t\t\t\t\t\t\t\t\t\n\t\t\t\t\t\t\t<!-- image -->\n\t\t\t\t\t\t\t\t\t\t\t\t\t\t<!-- icon -->\n\t\t\t\t\t\t\t\t\t\t\t\t\t\t\n\t\t\t\t\t\t\t<!-- bar -->\n\t\t\t\t\t\t\t\t\t\t\t\t\t\t<!-- circle bar -->\n\t\t\t\t\t\t\t\t\t\t\t\t\t\t\n\t\t\t\t\t\t\t\t\n\t\t\t\t\t\t\t<!-- end icon position -->\n\n\t\t\t\t\t\t\t<!-- content -->\n\t\t\t\t\t\t\t\t\t\t\t\t\t\t\t<p>Forma parte del equipo de la cl\u00ednica desde el 2006. Ha estado vinculada al mundo animal y ayudando a la protectora de Osona mediante trabajo de voluntariado desde los 5 a\u00f1os. Gracias a esta influencia, desde bien peque\u00f1a ten\u00eda claro que quer\u00eda dedicarse a la veterinaria y aunque no ha cursado los estudios, se siente completamente realizada con el trabajo que hace tanto en la cl\u00ednica c\u00f3mo en distintas asociaciones y protectoras de animales con las que colabora durante su tiempo libre.  <\/p>\t\t\n\t\t\t\t\t\t\t\t\t\t\t\t\t<\/div>\n\t\t\t\t\t\t\t<!-- inner title -->\n\t\t\t\t\t\t\t\t\t\t\t\t\t\n\t\t\t\t\t<\/div>\t\t\t\t\n\t\t\t\t\t\t<\/div>\n\t\t\t\t<\/div>\n\t\t\t\t\t<\/div>\n\t\t<\/div>\n\t\t\t\t\t\t\t<\/div>\n\t\t<\/section>\n\t\t\t\t\t\t\t<\/div>\n\t\t","protected":false},"excerpt":{"rendered":"<p>Raquel Santisteban Llop Auxiliar Forma parte del equipo de la cl\u00ednica desde el 2006. Ha estado vinculada al mundo animal y ayudando a la protectora de Osona mediante trabajo de voluntariado desde los 5 a\u00f1os. Gracias a esta influencia, desde bien peque\u00f1a ten\u00eda claro que quer\u00eda dedicarse a la veterinaria y aunque no ha cursado [&hellip;]<\/p>\n","protected":false},"author":1,"featured_media":0,"parent":0,"menu_order":0,"comment_status":"closed","ping_status":"closed","template":"elementor_header_footer","meta":{"footnotes":""},"class_list":["post-14513","page","type-page","status-publish","hentry"],"yoast_head":"<!-- This site is optimized with the Yoast SEO plugin v21.0 - https:\/\/yoast.com\/wordpress\/plugins\/seo\/ -->\n<title>Raquel Santisteban Llop - Cl\u00ednica Veterinaria de Osona<\/title>\n<meta name=\"description\" content=\"Veterinarios Vic - Tienda animales Vic - Peluquer\u00eda canina - Asistente de veterinaria con experiencia en mascotas en Vic\" \/>\n<meta name=\"robots\" content=\"index, follow, max-snippet:-1, max-image-preview:large, max-video-preview:-1\" \/>\n<link rel=\"canonical\" href=\"https:\/\/clinvetdosona.cat\/es\/raquel-santisteban-llop\/\" \/>\n<meta property=\"og:locale\" content=\"es_ES\" \/>\n<meta property=\"og:type\" content=\"article\" \/>\n<meta property=\"og:title\" content=\"Raquel Santisteban Llop - Cl\u00ednica Veterinaria de Osona\" \/>\n<meta property=\"og:description\" content=\"Veterinarios Vic - Tienda animales Vic - Peluquer\u00eda canina - Asistente de veterinaria con experiencia en mascotas en Vic\" \/>\n<meta property=\"og:url\" content=\"https:\/\/clinvetdosona.cat\/es\/raquel-santisteban-llop\/\" \/>\n<meta property=\"og:site_name\" content=\"Cl\u00ednica Veterin\u00e0ria d\u2019Osona\" \/>\n<meta property=\"article:modified_time\" content=\"2024-06-11T14:57:46+00:00\" \/>\n<meta property=\"og:image\" content=\"https:\/\/clinvetdosona.cat\/wp-content\/uploads\/2023\/04\/Raquel-Santisteban-Llop.jpg\" \/>\n<meta name=\"twitter:card\" content=\"summary_large_image\" \/>\n<meta name=\"twitter:label1\" content=\"Tiempo de lectura\" \/>\n\t<meta name=\"twitter:data1\" content=\"1 minuto\" \/>\n<script type=\"application\/ld+json\" class=\"yoast-schema-graph\">{\"@context\":\"https:\/\/schema.org\",\"@graph\":[{\"@type\":\"WebPage\",\"@id\":\"https:\/\/clinvetdosona.cat\/es\/raquel-santisteban-llop\/\",\"url\":\"https:\/\/clinvetdosona.cat\/es\/raquel-santisteban-llop\/\",\"name\":\"Raquel Santisteban Llop - Cl\u00ednica Veterinaria de Osona\",\"isPartOf\":{\"@id\":\"https:\/\/clinvetdosona.cat\/#website\"},\"datePublished\":\"2023-06-08T08:44:39+00:00\",\"dateModified\":\"2024-06-11T14:57:46+00:00\",\"description\":\"Veterinarios Vic - Tienda animales Vic - Peluquer\u00eda canina - Asistente de veterinaria con experiencia en mascotas en Vic\",\"breadcrumb\":{\"@id\":\"https:\/\/clinvetdosona.cat\/es\/raquel-santisteban-llop\/#breadcrumb\"},\"inLanguage\":\"es\",\"potentialAction\":[{\"@type\":\"ReadAction\",\"target\":[\"https:\/\/clinvetdosona.cat\/es\/raquel-santisteban-llop\/\"]}]},{\"@type\":\"BreadcrumbList\",\"@id\":\"https:\/\/clinvetdosona.cat\/es\/raquel-santisteban-llop\/#breadcrumb\",\"itemListElement\":[{\"@type\":\"ListItem\",\"position\":1,\"name\":\"Inici\",\"item\":\"https:\/\/clinvetdosona.cat\/es\/\"},{\"@type\":\"ListItem\",\"position\":2,\"name\":\"Raquel Santisteban Llop\"}]},{\"@type\":\"WebSite\",\"@id\":\"https:\/\/clinvetdosona.cat\/#website\",\"url\":\"https:\/\/clinvetdosona.cat\/\",\"name\":\"Cl\u00ednica Veterin\u00e0ria d\u2019Osona\",\"description\":\"T\u2019ajudem a cuidar-lo\",\"potentialAction\":[{\"@type\":\"SearchAction\",\"target\":{\"@type\":\"EntryPoint\",\"urlTemplate\":\"https:\/\/clinvetdosona.cat\/?s={search_term_string}\"},\"query-input\":\"required name=search_term_string\"}],\"inLanguage\":\"es\"}]}<\/script>\n<!-- \/ Yoast SEO plugin. -->","yoast_head_json":{"title":"Raquel Santisteban Llop - Cl\u00ednica Veterinaria de Osona","description":"Veterinarios Vic - Tienda animales Vic - Peluquer\u00eda canina - Asistente de veterinaria con experiencia en mascotas en Vic","robots":{"index":"index","follow":"follow","max-snippet":"max-snippet:-1","max-image-preview":"max-image-preview:large","max-video-preview":"max-video-preview:-1"},"canonical":"https:\/\/clinvetdosona.cat\/es\/raquel-santisteban-llop\/","og_locale":"es_ES","og_type":"article","og_title":"Raquel Santisteban Llop - Cl\u00ednica Veterinaria de Osona","og_description":"Veterinarios Vic - Tienda animales Vic - Peluquer\u00eda canina - Asistente de veterinaria con experiencia en mascotas en Vic","og_url":"https:\/\/clinvetdosona.cat\/es\/raquel-santisteban-llop\/","og_site_name":"Cl\u00ednica Veterin\u00e0ria d\u2019Osona","article_modified_time":"2024-06-11T14:57:46+00:00","og_image":[{"url":"https:\/\/clinvetdosona.cat\/wp-content\/uploads\/2023\/04\/Raquel-Santisteban-Llop.jpg"}],"twitter_card":"summary_large_image","twitter_misc":{"Tiempo de lectura":"1 minuto"},"schema":{"@context":"https:\/\/schema.org","@graph":[{"@type":"WebPage","@id":"https:\/\/clinvetdosona.cat\/es\/raquel-santisteban-llop\/","url":"https:\/\/clinvetdosona.cat\/es\/raquel-santisteban-llop\/","name":"Raquel Santisteban Llop - Cl\u00ednica Veterinaria de Osona","isPartOf":{"@id":"https:\/\/clinvetdosona.cat\/#website"},"datePublished":"2023-06-08T08:44:39+00:00","dateModified":"2024-06-11T14:57:46+00:00","description":"Veterinarios Vic - Tienda animales Vic - Peluquer\u00eda canina - Asistente de veterinaria con experiencia en mascotas en Vic","breadcrumb":{"@id":"https:\/\/clinvetdosona.cat\/es\/raquel-santisteban-llop\/#breadcrumb"},"inLanguage":"es","potentialAction":[{"@type":"ReadAction","target":["https:\/\/clinvetdosona.cat\/es\/raquel-santisteban-llop\/"]}]},{"@type":"BreadcrumbList","@id":"https:\/\/clinvetdosona.cat\/es\/raquel-santisteban-llop\/#breadcrumb","itemListElement":[{"@type":"ListItem","position":1,"name":"Inici","item":"https:\/\/clinvetdosona.cat\/es\/"},{"@type":"ListItem","position":2,"name":"Raquel Santisteban Llop"}]},{"@type":"WebSite","@id":"https:\/\/clinvetdosona.cat\/#website","url":"https:\/\/clinvetdosona.cat\/","name":"Cl\u00ednica Veterin\u00e0ria d\u2019Osona","description":"T\u2019ajudem a cuidar-lo","potentialAction":[{"@type":"SearchAction","target":{"@type":"EntryPoint","urlTemplate":"https:\/\/clinvetdosona.cat\/?s={search_term_string}"},"query-input":"required name=search_term_string"}],"inLanguage":"es"}]}},"_links":{"self":[{"href":"https:\/\/clinvetdosona.cat\/es\/wp-json\/wp\/v2\/pages\/14513","targetHints":{"allow":["GET"]}}],"collection":[{"href":"https:\/\/clinvetdosona.cat\/es\/wp-json\/wp\/v2\/pages"}],"about":[{"href":"https:\/\/clinvetdosona.cat\/es\/wp-json\/wp\/v2\/types\/page"}],"author":[{"embeddable":true,"href":"https:\/\/clinvetdosona.cat\/es\/wp-json\/wp\/v2\/users\/1"}],"replies":[{"embeddable":true,"href":"https:\/\/clinvetdosona.cat\/es\/wp-json\/wp\/v2\/comments?post=14513"}],"version-history":[{"count":5,"href":"https:\/\/clinvetdosona.cat\/es\/wp-json\/wp\/v2\/pages\/14513\/revisions"}],"predecessor-version":[{"id":15274,"href":"https:\/\/clinvetdosona.cat\/es\/wp-json\/wp\/v2\/pages\/14513\/revisions\/15274"}],"wp:attachment":[{"href":"https:\/\/clinvetdosona.cat\/es\/wp-json\/wp\/v2\/media?parent=14513"}],"curies":[{"name":"wp","href":"https:\/\/api.w.org\/{rel}","templated":true}]}}